{"id":93,"date":"2022-11-14T13:00:21","date_gmt":"2022-11-14T13:00:21","guid":{"rendered":"https:\/\/koprotec.shop\/?product=hm-saegeblatt-z110-d550mm-zahnbr-44mm-d30-pos-ftz"},"modified":"2022-11-14T15:20:43","modified_gmt":"2022-11-14T15:20:43","slug":"hm-saegeblatt-z110-d550mm-zahnbr-44mm-d30-pos-ftz","status":"publish","type":"product","link":"https:\/\/koprotec.shop\/?product=hm-saegeblatt-z110-d550mm-zahnbr-44mm-d30-pos-ftz","title":{"rendered":"Gebraucht &#8211; HM-S\u00e4geblatt Z=110 D=550mm Zahnbr.=4,4mm, d=30,  pos., FTZ"},"content":{"rendered":"<p>HM-S\u00e4geblatt D=550 Zahnbr.= 4,4 d=30 mm Z=110 pos. (f\u00fcr Kunststoff und Aluminium)<\/p>\n<p>Gebraucht &#8211; sehr guter Zustand<\/p>\n","protected":false},"excerpt":{"rendered":"<p>HM-S\u00e4geblatt Z=110 D=550mm Zahnbr.=4,4mm, d=30, pos., FTZ<\/p>\n","protected":false},"featured_media":60,"template":"","meta":[],"product_cat":[44,18],"product_tag":[],"_links":{"self":[{"href":"https:\/\/koprotec.shop\/index.php?rest_route=\/wp\/v2\/product\/93"}],"collection":[{"href":"https:\/\/koprotec.shop\/index.php?rest_route=\/wp\/v2\/product"}],"about":[{"href":"https:\/\/koprotec.shop\/index.php?rest_route=\/wp\/v2\/types\/product"}],"wp:featuredmedia":[{"embeddable":true,"href":"https:\/\/koprotec.shop\/index.php?rest_route=\/wp\/v2\/media\/60"}],"wp:attachment":[{"href":"https:\/\/koprotec.shop\/index.php?rest_route=%2Fwp%2Fv2%2Fmedia&parent=93"}],"wp:term":[{"taxonomy":"product_cat","embeddable":true,"href":"https:\/\/koprotec.shop\/index.php?rest_route=%2Fwp%2Fv2%2Fproduct_cat&post=93"},{"taxonomy":"product_tag","embeddable":true,"href":"https:\/\/koprotec.shop\/index.php?rest_route=%2Fwp%2Fv2%2Fproduct_tag&post=93"}],"curies":[{"name":"wp","href":"https:\/\/api.w.org\/{rel}","templated":true}]}}