{"id":90,"date":"2022-11-14T13:00:21","date_gmt":"2022-11-14T13:00:21","guid":{"rendered":"https:\/\/koprotec.shop\/?product=hm-saegeblatt-550x44x30-mm-z-110-pos"},"modified":"2022-11-14T15:19:07","modified_gmt":"2022-11-14T15:19:07","slug":"hm-saegeblatt-550x44x30-mm-z-110-pos","status":"publish","type":"product","link":"https:\/\/koprotec.shop\/?product=hm-saegeblatt-550x44x30-mm-z-110-pos","title":{"rendered":"Gebraucht HM-S\u00e4geblatt 550&#215;4,4&#215;30 mm Z-110 pos."},"content":{"rendered":"<p>HM-S\u00e4geblatt D=550 Zahnbr.= 4,4 d=30 mm Z=110 pos. (f\u00fcr Kunststoff und Aluminium)<\/p>\n<p>Gebraucht &#8211; sehr guter Zustand<\/p>\n","protected":false},"excerpt":{"rendered":"<p>HM-S\u00e4geblatt 550&#215;4,4&#215;30 mm Z-110 pos.<\/p>\n","protected":false},"featured_media":58,"template":"","meta":[],"product_cat":[44,18],"product_tag":[],"_links":{"self":[{"href":"https:\/\/koprotec.shop\/index.php?rest_route=\/wp\/v2\/product\/90"}],"collection":[{"href":"https:\/\/koprotec.shop\/index.php?rest_route=\/wp\/v2\/product"}],"about":[{"href":"https:\/\/koprotec.shop\/index.php?rest_route=\/wp\/v2\/types\/product"}],"wp:featuredmedia":[{"embeddable":true,"href":"https:\/\/koprotec.shop\/index.php?rest_route=\/wp\/v2\/media\/58"}],"wp:attachment":[{"href":"https:\/\/koprotec.shop\/index.php?rest_route=%2Fwp%2Fv2%2Fmedia&parent=90"}],"wp:term":[{"taxonomy":"product_cat","embeddable":true,"href":"https:\/\/koprotec.shop\/index.php?rest_route=%2Fwp%2Fv2%2Fproduct_cat&post=90"},{"taxonomy":"product_tag","embeddable":true,"href":"https:\/\/koprotec.shop\/index.php?rest_route=%2Fwp%2Fv2%2Fproduct_tag&post=90"}],"curies":[{"name":"wp","href":"https:\/\/api.w.org\/{rel}","templated":true}]}}