{"id":427,"date":"2023-01-20T14:31:40","date_gmt":"2023-01-20T14:31:40","guid":{"rendered":"https:\/\/koprotec.shop\/?post_type=product&#038;p=427"},"modified":"2023-01-21T16:37:23","modified_gmt":"2023-01-21T16:37:23","slug":"einzahnfraeser-vhm8x25-80-mm-s-8-spiegelschliff","status":"publish","type":"product","link":"https:\/\/koprotec.shop\/?product=einzahnfraeser-vhm8x25-80-mm-s-8-spiegelschliff","title":{"rendered":"Einzahnfr\u00e4ser VHM\t8&#215;25\/80 mm S-8 &#8211; Spiegelschliff &#8211;"},"content":{"rendered":"<p>Einzahnfr\u00e4ser VHM &#8211; Spiegelschliff<\/p>\n<p>Durchmesser: 8 mm<\/p>\n<p>Schnittl\u00e4nge: 25 mm<\/p>\n<p>Gesamtl\u00e4nge: 80 mm<\/p>\n<p>Schaft: 8 mm<\/p>\n","protected":false},"excerpt":{"rendered":"<p>Einzahnfr\u00e4ser VHM &#8211; Spiegelschliff Durchmesser: 8 mm Schnittl\u00e4nge: 25 mm Gesamtl\u00e4nge: 80 mm Schaft: 8 mm<\/p>\n","protected":false},"featured_media":0,"template":"","meta":[],"product_cat":[28,18],"product_tag":[],"_links":{"self":[{"href":"https:\/\/koprotec.shop\/index.php?rest_route=\/wp\/v2\/product\/427"}],"collection":[{"href":"https:\/\/koprotec.shop\/index.php?rest_route=\/wp\/v2\/product"}],"about":[{"href":"https:\/\/koprotec.shop\/index.php?rest_route=\/wp\/v2\/types\/product"}],"wp:attachment":[{"href":"https:\/\/koprotec.shop\/index.php?rest_route=%2Fwp%2Fv2%2Fmedia&parent=427"}],"wp:term":[{"taxonomy":"product_cat","embeddable":true,"href":"https:\/\/koprotec.shop\/index.php?rest_route=%2Fwp%2Fv2%2Fproduct_cat&post=427"},{"taxonomy":"product_tag","embeddable":true,"href":"https:\/\/koprotec.shop\/index.php?rest_route=%2Fwp%2Fv2%2Fproduct_tag&post=427"}],"curies":[{"name":"wp","href":"https:\/\/api.w.org\/{rel}","templated":true}]}}