{"id":410,"date":"2023-01-20T14:31:31","date_gmt":"2023-01-20T14:31:31","guid":{"rendered":"https:\/\/koprotec.shop\/?post_type=product&#038;p=410"},"modified":"2023-01-21T16:52:32","modified_gmt":"2023-01-21T16:52:32","slug":"einzahnfraeser-vhm7x18-45-70-mm-s-8","status":"publish","type":"product","link":"https:\/\/koprotec.shop\/?product=einzahnfraeser-vhm7x18-45-70-mm-s-8","title":{"rendered":"Einzahnfr\u00e4ser VHM\t7&#215;18\/45\/70 mm S-8"},"content":{"rendered":"<p>Einzahnfr\u00e4ser VHM<\/p>\n<p>Durchmesser: 7 mm<\/p>\n<p>Schnittl\u00e4nge: 18 mm<\/p>\n<p>Freischliff: 45 mm<\/p>\n<p>Gesamtl\u00e4nge: 70 mm<\/p>\n<p>Schaft: 8 mm<\/p>\n","protected":false},"excerpt":{"rendered":"<p>Einzahnfr\u00e4ser VHM Durchmesser: 7 mm Schnittl\u00e4nge: 18 mm Freischliff: 45 mm Gesamtl\u00e4nge: 70 mm Schaft: 8 mm<\/p>\n","protected":false},"featured_media":0,"template":"","meta":[],"product_cat":[28,18],"product_tag":[],"_links":{"self":[{"href":"https:\/\/koprotec.shop\/index.php?rest_route=\/wp\/v2\/product\/410"}],"collection":[{"href":"https:\/\/koprotec.shop\/index.php?rest_route=\/wp\/v2\/product"}],"about":[{"href":"https:\/\/koprotec.shop\/index.php?rest_route=\/wp\/v2\/types\/product"}],"wp:attachment":[{"href":"https:\/\/koprotec.shop\/index.php?rest_route=%2Fwp%2Fv2%2Fmedia&parent=410"}],"wp:term":[{"taxonomy":"product_cat","embeddable":true,"href":"https:\/\/koprotec.shop\/index.php?rest_route=%2Fwp%2Fv2%2Fproduct_cat&post=410"},{"taxonomy":"product_tag","embeddable":true,"href":"https:\/\/koprotec.shop\/index.php?rest_route=%2Fwp%2Fv2%2Fproduct_tag&post=410"}],"curies":[{"name":"wp","href":"https:\/\/api.w.org\/{rel}","templated":true}]}}