{"id":408,"date":"2023-01-20T14:31:31","date_gmt":"2023-01-20T14:31:31","guid":{"rendered":"https:\/\/koprotec.shop\/?post_type=product&#038;p=408"},"modified":"2023-01-21T16:49:10","modified_gmt":"2023-01-21T16:49:10","slug":"einzahnfraeser-vhm6x30-80-mm-s-6","status":"publish","type":"product","link":"https:\/\/koprotec.shop\/?product=einzahnfraeser-vhm6x30-80-mm-s-6","title":{"rendered":"Einzahnfr\u00e4ser VHM\t6&#215;30\/80 mm S-6"},"content":{"rendered":"<p>Einzahnfr\u00e4ser VHM<\/p>\n<p>Durchmesser: 6 mm<\/p>\n<p>Schnittl\u00e4nge: 30 mm<\/p>\n<p>Gesamtl\u00e4nge: 80 mm<\/p>\n<p>Schaft: 6 mm<\/p>\n","protected":false},"excerpt":{"rendered":"<p>Einzahnfr\u00e4ser VHM Durchmesser: 6 mm Schnittl\u00e4nge: 30 mm Gesamtl\u00e4nge: 80 mm Schaft: 6 mm<\/p>\n","protected":false},"featured_media":0,"template":"","meta":[],"product_cat":[28,18],"product_tag":[],"_links":{"self":[{"href":"https:\/\/koprotec.shop\/index.php?rest_route=\/wp\/v2\/product\/408"}],"collection":[{"href":"https:\/\/koprotec.shop\/index.php?rest_route=\/wp\/v2\/product"}],"about":[{"href":"https:\/\/koprotec.shop\/index.php?rest_route=\/wp\/v2\/types\/product"}],"wp:attachment":[{"href":"https:\/\/koprotec.shop\/index.php?rest_route=%2Fwp%2Fv2%2Fmedia&parent=408"}],"wp:term":[{"taxonomy":"product_cat","embeddable":true,"href":"https:\/\/koprotec.shop\/index.php?rest_route=%2Fwp%2Fv2%2Fproduct_cat&post=408"},{"taxonomy":"product_tag","embeddable":true,"href":"https:\/\/koprotec.shop\/index.php?rest_route=%2Fwp%2Fv2%2Fproduct_tag&post=408"}],"curies":[{"name":"wp","href":"https:\/\/api.w.org\/{rel}","templated":true}]}}