{"id":386,"date":"2023-01-20T14:31:00","date_gmt":"2023-01-20T14:31:00","guid":{"rendered":"https:\/\/koprotec.shop\/?post_type=product&#038;p=386"},"modified":"2023-01-24T12:40:13","modified_gmt":"2023-01-24T12:40:13","slug":"einzahnfraeser-vhm5x40-80-mm-s-6","status":"publish","type":"product","link":"https:\/\/koprotec.shop\/?product=einzahnfraeser-vhm5x40-80-mm-s-6","title":{"rendered":"Einzahnfr\u00e4ser VHM\t5&#215;40\/80 mm S-6"},"content":{"rendered":"<p>Einzahnfr\u00e4ser VHM <\/p>\n<p>Durchmesser: 5 mm<\/p>\n<p>Schnittl\u00e4nge: 40 mm<\/p>\n<p>Gesamtl\u00e4nge: 80 mm<\/p>\n<p>Schaft: 6 mm<\/p>\n","protected":false},"excerpt":{"rendered":"<p>Einzahnfr\u00e4ser VHM Durchmesser: 5 mm Schnittl\u00e4nge: 40 mm Gesamtl\u00e4nge: 80 mm Schaft: 6 mm<\/p>\n","protected":false},"featured_media":0,"template":"","meta":[],"product_cat":[28,18],"product_tag":[],"_links":{"self":[{"href":"https:\/\/koprotec.shop\/index.php?rest_route=\/wp\/v2\/product\/386"}],"collection":[{"href":"https:\/\/koprotec.shop\/index.php?rest_route=\/wp\/v2\/product"}],"about":[{"href":"https:\/\/koprotec.shop\/index.php?rest_route=\/wp\/v2\/types\/product"}],"wp:attachment":[{"href":"https:\/\/koprotec.shop\/index.php?rest_route=%2Fwp%2Fv2%2Fmedia&parent=386"}],"wp:term":[{"taxonomy":"product_cat","embeddable":true,"href":"https:\/\/koprotec.shop\/index.php?rest_route=%2Fwp%2Fv2%2Fproduct_cat&post=386"},{"taxonomy":"product_tag","embeddable":true,"href":"https:\/\/koprotec.shop\/index.php?rest_route=%2Fwp%2Fv2%2Fproduct_tag&post=386"}],"curies":[{"name":"wp","href":"https:\/\/api.w.org\/{rel}","templated":true}]}}