{"id":341,"date":"2023-01-20T14:30:00","date_gmt":"2023-01-20T14:30:00","guid":{"rendered":"https:\/\/koprotec.shop\/?post_type=product&#038;p=341"},"modified":"2023-01-24T13:14:00","modified_gmt":"2023-01-24T13:14:00","slug":"einzahnfraeser-vhm4x12-60-mm-s-8-spiegelschliff","status":"publish","type":"product","link":"https:\/\/koprotec.shop\/?product=einzahnfraeser-vhm4x12-60-mm-s-8-spiegelschliff","title":{"rendered":"Einzahnfr\u00e4ser VHM\t4&#215;12\/60 mm S-8\t&#8211; Spiegelschliff &#8211;"},"content":{"rendered":"<p>Einzahnfr\u00e4ser VHM &#8211; Spiegelschliff<\/p>\n<p>Durchmesser: 4 mm<\/p>\n<p>Schnittl\u00e4nge: 12 mm<\/p>\n<p>Gesamtl\u00e4nge: 60 mm<\/p>\n<p>Schaft: 8 mm<\/p>\n","protected":false},"excerpt":{"rendered":"<p>Einzahnfr\u00e4ser VHM &#8211; Spiegelschliff Durchmesser: 4 mm Schnittl\u00e4nge: 12 mm Gesamtl\u00e4nge: 60 mm Schaft: 8 mm<\/p>\n","protected":false},"featured_media":0,"template":"","meta":[],"product_cat":[28,18],"product_tag":[],"_links":{"self":[{"href":"https:\/\/koprotec.shop\/index.php?rest_route=\/wp\/v2\/product\/341"}],"collection":[{"href":"https:\/\/koprotec.shop\/index.php?rest_route=\/wp\/v2\/product"}],"about":[{"href":"https:\/\/koprotec.shop\/index.php?rest_route=\/wp\/v2\/types\/product"}],"wp:attachment":[{"href":"https:\/\/koprotec.shop\/index.php?rest_route=%2Fwp%2Fv2%2Fmedia&parent=341"}],"wp:term":[{"taxonomy":"product_cat","embeddable":true,"href":"https:\/\/koprotec.shop\/index.php?rest_route=%2Fwp%2Fv2%2Fproduct_cat&post=341"},{"taxonomy":"product_tag","embeddable":true,"href":"https:\/\/koprotec.shop\/index.php?rest_route=%2Fwp%2Fv2%2Fproduct_tag&post=341"}],"curies":[{"name":"wp","href":"https:\/\/api.w.org\/{rel}","templated":true}]}}