{"id":333,"date":"2023-01-20T14:30:00","date_gmt":"2023-01-20T14:30:00","guid":{"rendered":"https:\/\/koprotec.shop\/?post_type=product&#038;p=333"},"modified":"2023-01-24T13:38:10","modified_gmt":"2023-01-24T13:38:10","slug":"einzahnfraeser-vhm32x12-40-70-mm-s-4","status":"publish","type":"product","link":"https:\/\/koprotec.shop\/?product=einzahnfraeser-vhm32x12-40-70-mm-s-4","title":{"rendered":"Einzahnfr\u00e4ser VHM\t3,2&#215;12\/40\/70 mm S-4"},"content":{"rendered":"<p>Einzahnfr\u00e4ser VHM <\/p>\n<p>Durchmesser: 3,2  mm<\/p>\n<p>Schnittl\u00e4nge: 12 mm<\/p>\n<p>Freischliff: 40 mm<\/p>\n<p>Gesamtl\u00e4nge: 70 mm<\/p>\n<p>Schaft: 4 mm<\/p>\n","protected":false},"excerpt":{"rendered":"<p>Einzahnfr\u00e4ser VHM Durchmesser: 3,2 mm Schnittl\u00e4nge: 12 mm Freischliff: 40 mm Gesamtl\u00e4nge: 70 mm Schaft: 4 mm<\/p>\n","protected":false},"featured_media":0,"template":"","meta":[],"product_cat":[28,18],"product_tag":[],"_links":{"self":[{"href":"https:\/\/koprotec.shop\/index.php?rest_route=\/wp\/v2\/product\/333"}],"collection":[{"href":"https:\/\/koprotec.shop\/index.php?rest_route=\/wp\/v2\/product"}],"about":[{"href":"https:\/\/koprotec.shop\/index.php?rest_route=\/wp\/v2\/types\/product"}],"wp:attachment":[{"href":"https:\/\/koprotec.shop\/index.php?rest_route=%2Fwp%2Fv2%2Fmedia&parent=333"}],"wp:term":[{"taxonomy":"product_cat","embeddable":true,"href":"https:\/\/koprotec.shop\/index.php?rest_route=%2Fwp%2Fv2%2Fproduct_cat&post=333"},{"taxonomy":"product_tag","embeddable":true,"href":"https:\/\/koprotec.shop\/index.php?rest_route=%2Fwp%2Fv2%2Fproduct_tag&post=333"}],"curies":[{"name":"wp","href":"https:\/\/api.w.org\/{rel}","templated":true}]}}