{"id":328,"date":"2023-01-20T14:30:00","date_gmt":"2023-01-20T14:30:00","guid":{"rendered":"https:\/\/koprotec.shop\/?post_type=product&#038;p=328"},"modified":"2023-01-24T13:38:11","modified_gmt":"2023-01-24T13:38:11","slug":"einzahnfraeser-vhm16x25-90-mm-s-16","status":"publish","type":"product","link":"https:\/\/koprotec.shop\/?product=einzahnfraeser-vhm16x25-90-mm-s-16","title":{"rendered":"Einzahnfr\u00e4ser VHM\t16&#215;25\/90 mm S-16"},"content":{"rendered":"<p>Einzahnfr\u00e4ser VHM <\/p>\n<p>Durchmesser: 16 mm<\/p>\n<p>Schnittl\u00e4nge: 25 mm<\/p>\n<p>Gesamtl\u00e4nge: 90 mm<\/p>\n<p>Schaft: 16 mm<\/p>\n","protected":false},"excerpt":{"rendered":"<p>Einzahnfr\u00e4ser VHM Durchmesser: 16 mm Schnittl\u00e4nge: 25 mm Gesamtl\u00e4nge: 90 mm Schaft: 16 mm<\/p>\n","protected":false},"featured_media":0,"template":"","meta":[],"product_cat":[28,18],"product_tag":[],"_links":{"self":[{"href":"https:\/\/koprotec.shop\/index.php?rest_route=\/wp\/v2\/product\/328"}],"collection":[{"href":"https:\/\/koprotec.shop\/index.php?rest_route=\/wp\/v2\/product"}],"about":[{"href":"https:\/\/koprotec.shop\/index.php?rest_route=\/wp\/v2\/types\/product"}],"wp:attachment":[{"href":"https:\/\/koprotec.shop\/index.php?rest_route=%2Fwp%2Fv2%2Fmedia&parent=328"}],"wp:term":[{"taxonomy":"product_cat","embeddable":true,"href":"https:\/\/koprotec.shop\/index.php?rest_route=%2Fwp%2Fv2%2Fproduct_cat&post=328"},{"taxonomy":"product_tag","embeddable":true,"href":"https:\/\/koprotec.shop\/index.php?rest_route=%2Fwp%2Fv2%2Fproduct_tag&post=328"}],"curies":[{"name":"wp","href":"https:\/\/api.w.org\/{rel}","templated":true}]}}