{"id":321,"date":"2023-01-20T14:30:00","date_gmt":"2023-01-20T14:30:00","guid":{"rendered":"https:\/\/koprotec.shop\/?post_type=product&#038;p=321"},"modified":"2023-01-24T13:38:13","modified_gmt":"2023-01-24T13:38:13","slug":"einzahnfraeser-vhm12x40-120-mm-s-12","status":"publish","type":"product","link":"https:\/\/koprotec.shop\/?product=einzahnfraeser-vhm12x40-120-mm-s-12","title":{"rendered":"Einzahnfr\u00e4ser VHM\t12&#215;40\/120 mm S-12"},"content":{"rendered":"<p>Einzahnfr\u00e4ser VHM <\/p>\n<p>Durchmesser: 12 mm<\/p>\n<p>Schnittl\u00e4nge: 40 mm<\/p>\n<p>Gesamtl\u00e4nge: 120 mm<\/p>\n<p>Schaft: 12 mm<\/p>\n","protected":false},"excerpt":{"rendered":"<p>Einzahnfr\u00e4ser VHM Durchmesser: 12 mm Schnittl\u00e4nge: 40 mm Gesamtl\u00e4nge: 120 mm Schaft: 12 mm<\/p>\n","protected":false},"featured_media":0,"template":"","meta":[],"product_cat":[28,18],"product_tag":[],"_links":{"self":[{"href":"https:\/\/koprotec.shop\/index.php?rest_route=\/wp\/v2\/product\/321"}],"collection":[{"href":"https:\/\/koprotec.shop\/index.php?rest_route=\/wp\/v2\/product"}],"about":[{"href":"https:\/\/koprotec.shop\/index.php?rest_route=\/wp\/v2\/types\/product"}],"wp:attachment":[{"href":"https:\/\/koprotec.shop\/index.php?rest_route=%2Fwp%2Fv2%2Fmedia&parent=321"}],"wp:term":[{"taxonomy":"product_cat","embeddable":true,"href":"https:\/\/koprotec.shop\/index.php?rest_route=%2Fwp%2Fv2%2Fproduct_cat&post=321"},{"taxonomy":"product_tag","embeddable":true,"href":"https:\/\/koprotec.shop\/index.php?rest_route=%2Fwp%2Fv2%2Fproduct_tag&post=321"}],"curies":[{"name":"wp","href":"https:\/\/api.w.org\/{rel}","templated":true}]}}