{"id":301,"date":"2023-01-20T14:30:35","date_gmt":"2023-01-20T14:30:35","guid":{"rendered":"https:\/\/koprotec.shop\/?post_type=product&#038;p=301"},"modified":"2023-01-24T12:15:12","modified_gmt":"2023-01-24T12:15:12","slug":"einzahnfraeser-vhm10x20-93-120-mm-s-10-spanbrecher","status":"publish","type":"product","link":"https:\/\/koprotec.shop\/?product=einzahnfraeser-vhm10x20-93-120-mm-s-10-spanbrecher","title":{"rendered":"Einzahnfr\u00e4ser VHM\t10&#215;20\/93\/120 mm S-10 &#8211; Spanbrecher &#8211;"},"content":{"rendered":"<p>Einzahnfr\u00e4ser VHM &#8211; Spanbrecher<\/p>\n<p>Durchmesser: 10 mm<\/p>\n<p>Schnittl\u00e4nge: 20 mm<\/p>\n<p>Freischliff: 93 mm<\/p>\n<p>Gesamtl\u00e4nge: 120 mm<\/p>\n<p>Schaft: 10 mm<\/p>\n","protected":false},"excerpt":{"rendered":"<p>Einzahnfr\u00e4ser VHM &#8211; Spanbrecher Durchmesser: 10 mm Schnittl\u00e4nge: 20 mm Freischliff: 93 mm Gesamtl\u00e4nge: 120 mm Schaft: 10 mm<\/p>\n","protected":false},"featured_media":0,"template":"","meta":[],"product_cat":[28,18],"product_tag":[],"_links":{"self":[{"href":"https:\/\/koprotec.shop\/index.php?rest_route=\/wp\/v2\/product\/301"}],"collection":[{"href":"https:\/\/koprotec.shop\/index.php?rest_route=\/wp\/v2\/product"}],"about":[{"href":"https:\/\/koprotec.shop\/index.php?rest_route=\/wp\/v2\/types\/product"}],"wp:attachment":[{"href":"https:\/\/koprotec.shop\/index.php?rest_route=%2Fwp%2Fv2%2Fmedia&parent=301"}],"wp:term":[{"taxonomy":"product_cat","embeddable":true,"href":"https:\/\/koprotec.shop\/index.php?rest_route=%2Fwp%2Fv2%2Fproduct_cat&post=301"},{"taxonomy":"product_tag","embeddable":true,"href":"https:\/\/koprotec.shop\/index.php?rest_route=%2Fwp%2Fv2%2Fproduct_tag&post=301"}],"curies":[{"name":"wp","href":"https:\/\/api.w.org\/{rel}","templated":true}]}}