{"id":300,"date":"2023-01-20T14:30:35","date_gmt":"2023-01-20T14:30:35","guid":{"rendered":"https:\/\/koprotec.shop\/?post_type=product&#038;p=300"},"modified":"2023-01-24T12:01:06","modified_gmt":"2023-01-24T12:01:06","slug":"einzahnfraeser-vhm-10x20-90-mm-s-10","status":"publish","type":"product","link":"https:\/\/koprotec.shop\/?product=einzahnfraeser-vhm-10x20-90-mm-s-10","title":{"rendered":"Einzahnfr\u00e4ser VHM 10&#215;20\/90 mm S-10"},"content":{"rendered":"<p>Einzahnfr\u00e4ser VHM<\/p>\n<p>Durchmesser: 10 mm<\/p>\n<p>Schnittl\u00e4nge: 20 mm<\/p>\n<p>Gesamtl\u00e4nge: 90 mm<\/p>\n<p>Schaft: 10 mm<\/p>\n","protected":false},"excerpt":{"rendered":"<p>Einzahnfr\u00e4ser VHM Durchmesser: 10 mm Schnittl\u00e4nge: 20 mm Gesamtl\u00e4nge: 90 mm Schaft: 10 mm<\/p>\n","protected":false},"featured_media":0,"template":"","meta":[],"product_cat":[28,18],"product_tag":[],"_links":{"self":[{"href":"https:\/\/koprotec.shop\/index.php?rest_route=\/wp\/v2\/product\/300"}],"collection":[{"href":"https:\/\/koprotec.shop\/index.php?rest_route=\/wp\/v2\/product"}],"about":[{"href":"https:\/\/koprotec.shop\/index.php?rest_route=\/wp\/v2\/types\/product"}],"wp:attachment":[{"href":"https:\/\/koprotec.shop\/index.php?rest_route=%2Fwp%2Fv2%2Fmedia&parent=300"}],"wp:term":[{"taxonomy":"product_cat","embeddable":true,"href":"https:\/\/koprotec.shop\/index.php?rest_route=%2Fwp%2Fv2%2Fproduct_cat&post=300"},{"taxonomy":"product_tag","embeddable":true,"href":"https:\/\/koprotec.shop\/index.php?rest_route=%2Fwp%2Fv2%2Fproduct_tag&post=300"}],"curies":[{"name":"wp","href":"https:\/\/api.w.org\/{rel}","templated":true}]}}