{"id":243,"date":"2022-11-29T10:01:50","date_gmt":"2022-11-29T10:01:50","guid":{"rendered":"https:\/\/koprotec.shop\/?post_type=product&#038;p=243"},"modified":"2023-01-24T14:06:18","modified_gmt":"2023-01-24T14:06:18","slug":"einzahnfraeser-hss-e-fuer-stahl-8x14-80-mm-s-8","status":"publish","type":"product","link":"https:\/\/koprotec.shop\/?product=einzahnfraeser-hss-e-fuer-stahl-8x14-80-mm-s-8","title":{"rendered":"Einzahnfr\u00e4ser HSS-E f\u00fcr Stahl 8&#215;14\/80 mm S-8"},"content":{"rendered":"<p>Einzahnfr\u00e4ser HSS-E f\u00fcr Stahl<br \/>\nDurchmesser: 8 mm<br \/>\nSchnittl\u00e4nge: 14 mm<br \/>\nGesamtl\u00e4nge: 80 mm<br \/>\nSchaft: 8mm<\/p>\n<p>Drehzahlbereich ca. 6.000 &#8211; 12.000 UpM<\/p>\n","protected":false},"excerpt":{"rendered":"<p>Einzahnfr\u00e4ser HSS-E f\u00fcr Stahl Durchmesser: 8 mm Schnittl\u00e4nge: 14 mm Gesamtl\u00e4nge: 80 mm Schaft: 8mm Drehzahlbereich ca. 6.000 &#8211; 12.000 UpM<\/p>\n","protected":false},"featured_media":0,"template":"","meta":[],"product_cat":[28,18],"product_tag":[],"_links":{"self":[{"href":"https:\/\/koprotec.shop\/index.php?rest_route=\/wp\/v2\/product\/243"}],"collection":[{"href":"https:\/\/koprotec.shop\/index.php?rest_route=\/wp\/v2\/product"}],"about":[{"href":"https:\/\/koprotec.shop\/index.php?rest_route=\/wp\/v2\/types\/product"}],"wp:attachment":[{"href":"https:\/\/koprotec.shop\/index.php?rest_route=%2Fwp%2Fv2%2Fmedia&parent=243"}],"wp:term":[{"taxonomy":"product_cat","embeddable":true,"href":"https:\/\/koprotec.shop\/index.php?rest_route=%2Fwp%2Fv2%2Fproduct_cat&post=243"},{"taxonomy":"product_tag","embeddable":true,"href":"https:\/\/koprotec.shop\/index.php?rest_route=%2Fwp%2Fv2%2Fproduct_tag&post=243"}],"curies":[{"name":"wp","href":"https:\/\/api.w.org\/{rel}","templated":true}]}}