{"id":241,"date":"2022-11-29T09:57:55","date_gmt":"2022-11-29T09:57:55","guid":{"rendered":"https:\/\/koprotec.shop\/?post_type=product&#038;p=241"},"modified":"2022-11-29T09:59:08","modified_gmt":"2022-11-29T09:59:08","slug":"einzahnfraeser-hss-e-fuer-stahl-5x12-60-mm-s-8","status":"publish","type":"product","link":"https:\/\/koprotec.shop\/?product=einzahnfraeser-hss-e-fuer-stahl-5x12-60-mm-s-8","title":{"rendered":"Einzahnfr\u00e4ser HSS-E f\u00fcr Stahl 5&#215;12\/60 mm S-8"},"content":{"rendered":"<p>Einzahnfr\u00e4ser HSS-E f\u00fcr Stahl<br \/>\nDurchmesser: 5mm<br \/>\nSchnittl\u00e4nge: 12mm<br \/>\nGesamtl\u00e4nge: 60 mm<br \/>\nSchaft: 8mm<\/p>\n<p>Drehzahlbereich ca. 6.000 &#8211; 12.000 UpM<\/p>\n","protected":false},"excerpt":{"rendered":"<p>Einzahnfr\u00e4ser HSS-E f\u00fcr Stahl Durchmesser: 5mm Schnittl\u00e4nge: 12mm Gesamtl\u00e4nge: 60 mm Schaft: 8mm Drehzahlbereich ca. 6.000 &#8211; 12.000 UpM<\/p>\n","protected":false},"featured_media":0,"template":"","meta":[],"product_cat":[28,18],"product_tag":[],"_links":{"self":[{"href":"https:\/\/koprotec.shop\/index.php?rest_route=\/wp\/v2\/product\/241"}],"collection":[{"href":"https:\/\/koprotec.shop\/index.php?rest_route=\/wp\/v2\/product"}],"about":[{"href":"https:\/\/koprotec.shop\/index.php?rest_route=\/wp\/v2\/types\/product"}],"wp:attachment":[{"href":"https:\/\/koprotec.shop\/index.php?rest_route=%2Fwp%2Fv2%2Fmedia&parent=241"}],"wp:term":[{"taxonomy":"product_cat","embeddable":true,"href":"https:\/\/koprotec.shop\/index.php?rest_route=%2Fwp%2Fv2%2Fproduct_cat&post=241"},{"taxonomy":"product_tag","embeddable":true,"href":"https:\/\/koprotec.shop\/index.php?rest_route=%2Fwp%2Fv2%2Fproduct_tag&post=241"}],"curies":[{"name":"wp","href":"https:\/\/api.w.org\/{rel}","templated":true}]}}