{"id":236,"date":"2022-11-29T09:41:11","date_gmt":"2022-11-29T09:41:11","guid":{"rendered":"https:\/\/koprotec.shop\/?post_type=product&#038;p=236"},"modified":"2022-11-29T09:42:27","modified_gmt":"2022-11-29T09:42:27","slug":"einzahnfraeser-hss-e-8x25-120-mm-s-8","status":"publish","type":"product","link":"https:\/\/koprotec.shop\/?product=einzahnfraeser-hss-e-8x25-120-mm-s-8","title":{"rendered":"Einzahnfr\u00e4ser HSS-E 8&#215;25\/120 mm S-8"},"content":{"rendered":"<p>Einzahnfr\u00e4ser HSS-E<br \/>\nDurchmesser: 8 mm<br \/>\nSchnittl\u00e4nge: 25 mm<br \/>\nGesamtl\u00e4nge: 120 mm<br \/>\nSchaft: 8mm<\/p>\n","protected":false},"excerpt":{"rendered":"<p>Einzahnfr\u00e4ser HSS-E Durchmesser: 8 mm Schnittl\u00e4nge: 25 mm Gesamtl\u00e4nge: 120 mm Schaft: 8mm<\/p>\n","protected":false},"featured_media":0,"template":"","meta":[],"product_cat":[28,18],"product_tag":[],"_links":{"self":[{"href":"https:\/\/koprotec.shop\/index.php?rest_route=\/wp\/v2\/product\/236"}],"collection":[{"href":"https:\/\/koprotec.shop\/index.php?rest_route=\/wp\/v2\/product"}],"about":[{"href":"https:\/\/koprotec.shop\/index.php?rest_route=\/wp\/v2\/types\/product"}],"wp:attachment":[{"href":"https:\/\/koprotec.shop\/index.php?rest_route=%2Fwp%2Fv2%2Fmedia&parent=236"}],"wp:term":[{"taxonomy":"product_cat","embeddable":true,"href":"https:\/\/koprotec.shop\/index.php?rest_route=%2Fwp%2Fv2%2Fproduct_cat&post=236"},{"taxonomy":"product_tag","embeddable":true,"href":"https:\/\/koprotec.shop\/index.php?rest_route=%2Fwp%2Fv2%2Fproduct_tag&post=236"}],"curies":[{"name":"wp","href":"https:\/\/api.w.org\/{rel}","templated":true}]}}