{"id":231,"date":"2022-11-21T16:18:55","date_gmt":"2022-11-21T16:18:55","guid":{"rendered":"https:\/\/koprotec.shop\/?post_type=product&#038;p=231"},"modified":"2022-11-21T16:21:54","modified_gmt":"2022-11-21T16:21:54","slug":"einzahnfraeser-hss-e-8x14-120-mm-s-8","status":"publish","type":"product","link":"https:\/\/koprotec.shop\/?product=einzahnfraeser-hss-e-8x14-120-mm-s-8","title":{"rendered":"Einzahnfr\u00e4ser HSS-E 8&#215;14\/120 mm S-8"},"content":{"rendered":"<p>Einzahnfr\u00e4ser HSS-E<br \/>\nDurchmesser: 8 mm<br \/>\nSchnittl\u00e4nge: 14 mm<br \/>\nGesamtl\u00e4nge: 120 mm<br \/>\nSchaft: 8 mm<\/p>\n","protected":false},"excerpt":{"rendered":"<p>Einzahnfr\u00e4ser HSS-E Durchmesser: 8 mm Schnittl\u00e4nge: 14 mm Gesamtl\u00e4nge: 120 mm Schaft: 8 mm<\/p>\n","protected":false},"featured_media":0,"template":"","meta":[],"product_cat":[28,18],"product_tag":[],"_links":{"self":[{"href":"https:\/\/koprotec.shop\/index.php?rest_route=\/wp\/v2\/product\/231"}],"collection":[{"href":"https:\/\/koprotec.shop\/index.php?rest_route=\/wp\/v2\/product"}],"about":[{"href":"https:\/\/koprotec.shop\/index.php?rest_route=\/wp\/v2\/types\/product"}],"wp:attachment":[{"href":"https:\/\/koprotec.shop\/index.php?rest_route=%2Fwp%2Fv2%2Fmedia&parent=231"}],"wp:term":[{"taxonomy":"product_cat","embeddable":true,"href":"https:\/\/koprotec.shop\/index.php?rest_route=%2Fwp%2Fv2%2Fproduct_cat&post=231"},{"taxonomy":"product_tag","embeddable":true,"href":"https:\/\/koprotec.shop\/index.php?rest_route=%2Fwp%2Fv2%2Fproduct_tag&post=231"}],"curies":[{"name":"wp","href":"https:\/\/api.w.org\/{rel}","templated":true}]}}