{"id":221,"date":"2022-11-21T15:08:46","date_gmt":"2022-11-21T15:08:46","guid":{"rendered":"https:\/\/koprotec.shop\/?post_type=product&#038;p=221"},"modified":"2022-11-21T15:11:05","modified_gmt":"2022-11-21T15:11:05","slug":"einzahnfraeser-hss-e-4x25-100-mm-s-8","status":"publish","type":"product","link":"https:\/\/koprotec.shop\/?product=einzahnfraeser-hss-e-4x25-100-mm-s-8","title":{"rendered":"Einzahnfr\u00e4ser HSS-E 4&#215;25\/100 mm S-8"},"content":{"rendered":"<p>Einzahnfr\u00e4ser HSS-E<br \/>\nDurchmesser: 4 mm<br \/>\nSchnittl\u00e4nge: 25 mm<br \/>\nGesamtl\u00e4nge: 100 mm<br \/>\nSchaft: 8 mm<\/p>\n","protected":false},"excerpt":{"rendered":"<p>Einzahnfr\u00e4ser HSS-E Durchmesser: 4 mm Schnittl\u00e4nge: 25 mm Gesamtl\u00e4nge: 100 mm Schaft: 8 mm<\/p>\n","protected":false},"featured_media":0,"template":"","meta":[],"product_cat":[28,18],"product_tag":[],"_links":{"self":[{"href":"https:\/\/koprotec.shop\/index.php?rest_route=\/wp\/v2\/product\/221"}],"collection":[{"href":"https:\/\/koprotec.shop\/index.php?rest_route=\/wp\/v2\/product"}],"about":[{"href":"https:\/\/koprotec.shop\/index.php?rest_route=\/wp\/v2\/types\/product"}],"wp:attachment":[{"href":"https:\/\/koprotec.shop\/index.php?rest_route=%2Fwp%2Fv2%2Fmedia&parent=221"}],"wp:term":[{"taxonomy":"product_cat","embeddable":true,"href":"https:\/\/koprotec.shop\/index.php?rest_route=%2Fwp%2Fv2%2Fproduct_cat&post=221"},{"taxonomy":"product_tag","embeddable":true,"href":"https:\/\/koprotec.shop\/index.php?rest_route=%2Fwp%2Fv2%2Fproduct_tag&post=221"}],"curies":[{"name":"wp","href":"https:\/\/api.w.org\/{rel}","templated":true}]}}