{"id":208,"date":"2022-11-17T14:09:21","date_gmt":"2022-11-17T14:09:21","guid":{"rendered":"https:\/\/koprotec.shop\/?post_type=product&#038;p=208"},"modified":"2022-11-17T14:13:09","modified_gmt":"2022-11-17T14:13:09","slug":"einzahnfraeser-hss-e-10x14-80-mm-s-8","status":"publish","type":"product","link":"https:\/\/koprotec.shop\/?product=einzahnfraeser-hss-e-10x14-80-mm-s-8","title":{"rendered":"Einzahnfr\u00e4ser HSS-E 10&#215;14\/80 mm S-8"},"content":{"rendered":"<p>Einzahnfr\u00e4ser HSS-E<br \/>\nDurchmesser: 10mm<br \/>\nSchnittl\u00e4nge: 14mm<br \/>\nGesamtl\u00e4nge: 80 mm<br \/>\nSchaft: 8mm<\/p>\n","protected":false},"excerpt":{"rendered":"<p>Einzahnfr\u00e4ser HSS-E Durchmesser: 10mm Schnittl\u00e4nge: 14mm Gesamtl\u00e4nge: 80 mm Schaft: 8mm<\/p>\n","protected":false},"featured_media":0,"template":"","meta":[],"product_cat":[28,18],"product_tag":[],"_links":{"self":[{"href":"https:\/\/koprotec.shop\/index.php?rest_route=\/wp\/v2\/product\/208"}],"collection":[{"href":"https:\/\/koprotec.shop\/index.php?rest_route=\/wp\/v2\/product"}],"about":[{"href":"https:\/\/koprotec.shop\/index.php?rest_route=\/wp\/v2\/types\/product"}],"wp:attachment":[{"href":"https:\/\/koprotec.shop\/index.php?rest_route=%2Fwp%2Fv2%2Fmedia&parent=208"}],"wp:term":[{"taxonomy":"product_cat","embeddable":true,"href":"https:\/\/koprotec.shop\/index.php?rest_route=%2Fwp%2Fv2%2Fproduct_cat&post=208"},{"taxonomy":"product_tag","embeddable":true,"href":"https:\/\/koprotec.shop\/index.php?rest_route=%2Fwp%2Fv2%2Fproduct_tag&post=208"}],"curies":[{"name":"wp","href":"https:\/\/api.w.org\/{rel}","templated":true}]}}