{"id":204,"date":"2022-11-17T13:54:19","date_gmt":"2022-11-17T13:54:19","guid":{"rendered":"https:\/\/koprotec.shop\/?post_type=product&#038;p=204"},"modified":"2022-11-17T13:56:17","modified_gmt":"2022-11-17T13:56:17","slug":"einzahnfraeser-hss-e-9x40-100-mm-s-8","status":"publish","type":"product","link":"https:\/\/koprotec.shop\/?product=einzahnfraeser-hss-e-9x40-100-mm-s-8","title":{"rendered":"Einzahnfr\u00e4ser HSS-E 9&#215;40\/100 mm S-8"},"content":{"rendered":"<p>Einzahnfr\u00e4ser HSS-E<br \/>\nDurchmesser: 9mm<br \/>\nSchnittl\u00e4nge: 40mm<br \/>\nGesamtl\u00e4nge: 100 mm<br \/>\nSchaft: 8mm<\/p>\n","protected":false},"excerpt":{"rendered":"<p>Einzahnfr\u00e4ser HSS-E Durchmesser: 9mm Schnittl\u00e4nge: 40mm Gesamtl\u00e4nge: 100 mm Schaft: 8mm<\/p>\n","protected":false},"featured_media":0,"template":"","meta":[],"product_cat":[28,18],"product_tag":[],"_links":{"self":[{"href":"https:\/\/koprotec.shop\/index.php?rest_route=\/wp\/v2\/product\/204"}],"collection":[{"href":"https:\/\/koprotec.shop\/index.php?rest_route=\/wp\/v2\/product"}],"about":[{"href":"https:\/\/koprotec.shop\/index.php?rest_route=\/wp\/v2\/types\/product"}],"wp:attachment":[{"href":"https:\/\/koprotec.shop\/index.php?rest_route=%2Fwp%2Fv2%2Fmedia&parent=204"}],"wp:term":[{"taxonomy":"product_cat","embeddable":true,"href":"https:\/\/koprotec.shop\/index.php?rest_route=%2Fwp%2Fv2%2Fproduct_cat&post=204"},{"taxonomy":"product_tag","embeddable":true,"href":"https:\/\/koprotec.shop\/index.php?rest_route=%2Fwp%2Fv2%2Fproduct_tag&post=204"}],"curies":[{"name":"wp","href":"https:\/\/api.w.org\/{rel}","templated":true}]}}