{"id":197,"date":"2022-11-17T13:37:41","date_gmt":"2022-11-17T13:37:41","guid":{"rendered":"https:\/\/koprotec.shop\/?post_type=product&#038;p=197"},"modified":"2022-11-17T13:39:13","modified_gmt":"2022-11-17T13:39:13","slug":"einzahnfraeser-hss-e-5x30-100-mm-s-8","status":"publish","type":"product","link":"https:\/\/koprotec.shop\/?product=einzahnfraeser-hss-e-5x30-100-mm-s-8","title":{"rendered":"Einzahnfr\u00e4ser HSS-E 5&#215;30\/100 mm S-8"},"content":{"rendered":"<p>Einzahnfr\u00e4ser HSS-E<br \/>\nDurchmesser: 5mm<br \/>\nSchnittl\u00e4nge: 30mm<br \/>\nGesamtl\u00e4nge: 100 mm<br \/>\nSchaft: 8mm<\/p>\n","protected":false},"excerpt":{"rendered":"<p>Einzahnfr\u00e4ser HSS-E Durchmesser: 5mm Schnittl\u00e4nge: 30mm Gesamtl\u00e4nge: 100 mm Schaft: 8mm<\/p>\n","protected":false},"featured_media":0,"template":"","meta":[],"product_cat":[28,18],"product_tag":[],"_links":{"self":[{"href":"https:\/\/koprotec.shop\/index.php?rest_route=\/wp\/v2\/product\/197"}],"collection":[{"href":"https:\/\/koprotec.shop\/index.php?rest_route=\/wp\/v2\/product"}],"about":[{"href":"https:\/\/koprotec.shop\/index.php?rest_route=\/wp\/v2\/types\/product"}],"wp:attachment":[{"href":"https:\/\/koprotec.shop\/index.php?rest_route=%2Fwp%2Fv2%2Fmedia&parent=197"}],"wp:term":[{"taxonomy":"product_cat","embeddable":true,"href":"https:\/\/koprotec.shop\/index.php?rest_route=%2Fwp%2Fv2%2Fproduct_cat&post=197"},{"taxonomy":"product_tag","embeddable":true,"href":"https:\/\/koprotec.shop\/index.php?rest_route=%2Fwp%2Fv2%2Fproduct_tag&post=197"}],"curies":[{"name":"wp","href":"https:\/\/api.w.org\/{rel}","templated":true}]}}