{"id":192,"date":"2022-11-17T13:21:25","date_gmt":"2022-11-17T13:21:25","guid":{"rendered":"https:\/\/koprotec.shop\/?post_type=product&#038;p=192"},"modified":"2022-11-17T13:27:58","modified_gmt":"2022-11-17T13:27:58","slug":"einzahnfraeser-hss-e-8x14-100-mm-s-8","status":"publish","type":"product","link":"https:\/\/koprotec.shop\/?product=einzahnfraeser-hss-e-8x14-100-mm-s-8","title":{"rendered":"Einzahnfr\u00e4ser HSS-E 8&#215;14\/100 mm S-8"},"content":{"rendered":"<p>Einzahnfr\u00e4ser HSS-E<br \/>\nDurchmesser: 8mm<br \/>\nSchnittl\u00e4nge: 14mm<br \/>\nGesamtl\u00e4nge: 100 mm<br \/>\nSchaft: 8mm<\/p>\n","protected":false},"excerpt":{"rendered":"<p>Einzahnfr\u00e4ser HSS-E Durchmesser: 8mm Schnittl\u00e4nge: 14mm Gesamtl\u00e4nge: 100 mm Schaft: 8mm<\/p>\n","protected":false},"featured_media":0,"template":"","meta":[],"product_cat":[28,18],"product_tag":[],"_links":{"self":[{"href":"https:\/\/koprotec.shop\/index.php?rest_route=\/wp\/v2\/product\/192"}],"collection":[{"href":"https:\/\/koprotec.shop\/index.php?rest_route=\/wp\/v2\/product"}],"about":[{"href":"https:\/\/koprotec.shop\/index.php?rest_route=\/wp\/v2\/types\/product"}],"wp:attachment":[{"href":"https:\/\/koprotec.shop\/index.php?rest_route=%2Fwp%2Fv2%2Fmedia&parent=192"}],"wp:term":[{"taxonomy":"product_cat","embeddable":true,"href":"https:\/\/koprotec.shop\/index.php?rest_route=%2Fwp%2Fv2%2Fproduct_cat&post=192"},{"taxonomy":"product_tag","embeddable":true,"href":"https:\/\/koprotec.shop\/index.php?rest_route=%2Fwp%2Fv2%2Fproduct_tag&post=192"}],"curies":[{"name":"wp","href":"https:\/\/api.w.org\/{rel}","templated":true}]}}