{"id":4,"date":"2022-11-10T12:15:46","date_gmt":"2022-11-10T12:15:46","guid":{"rendered":"https:\/\/koprotec.shop\/?page_id=4"},"modified":"2022-11-16T12:27:54","modified_gmt":"2022-11-16T12:27:54","slug":"willkommen-auf-https-koprotec-shop","status":"publish","type":"page","link":"https:\/\/koprotec.shop\/","title":{"rendered":"Startseite"},"content":{"rendered":"\n<p><\/p>\n\n\n\n<p class=\"has-text-color has-x-large-font-size\" style=\"color:#031c32\"><strong>Herzlich Willkommen im koprotec Onlineshop!<\/strong><\/p>\n\n\n\n<p><\/p>\n\n\n\n<p><\/p>\n\n\n\n<p class=\"has-text-color has-medium-font-size\" style=\"color:#031c32\"><strong>Sie haben eine Profilbearbeitungsmaschine und sind auf der Suche nach Werkzeug, Betriebsmittel, Ersatz- oder Verschlei\u00dfteilen?<\/strong> Dann sind Sie bei uns genau richtig! <\/p>\n\n\n\n<p class=\"has-text-color has-medium-font-size\" style=\"color:#031c32\">Wir bieten Ihnen in unserem Onlineshop eine Auswahl von neuen, sowie \u00fcberpr\u00fcften gebrauchten Ersatz- und Zubeh\u00f6rteilen an.   <\/p>\n\n\n\n<p><\/p>\n\n\n\n<p class=\"has-vivid-red-color has-text-color has-medium-font-size\"><strong>Unser Onlineshop befindet sich gerade im Aufbau. Sollten Sie ein Produkt noch nicht finden, z\u00f6gern Sie nicht uns zu kontaktieren<\/strong>! <\/p>\n\n\n\n<p><\/p>\n\n\n\n<p><\/p>\n\n\n\n<pre class=\"wp-block-preformatted\"><div class=\"woocommerce columns-4\"><ul class=\"products columns-4\">\n<li class=\"product-category product first\">\n\t<a aria-label=\"Visit product category 3D Druck\" href=\"https:\/\/koprotec.shop\/?product_cat=3d-druck\"><img loading=\"lazy\" decoding=\"async\" src=\"https:\/\/koprotec.shop\/wp-content\/uploads\/2022\/11\/20221116_113108-300x300.jpg\" alt=\"3D Druck\" width=\"300\" height=\"300\" srcset=\"https:\/\/koprotec.shop\/wp-content\/uploads\/2022\/11\/20221116_113108-300x300.jpg 300w, https:\/\/koprotec.shop\/wp-content\/uploads\/2022\/11\/20221116_113108-150x150.jpg 150w, https:\/\/koprotec.shop\/wp-content\/uploads\/2022\/11\/20221116_113108-100x100.jpg 100w\" sizes=\"(max-width: 300px) 100vw, 300px\" \/>\t\t<h2 class=\"woocommerce-loop-category__title\">\n\t\t\t3D Druck <mark class=\"count\">(1)<\/mark>\t\t<\/h2>\n\t\t<\/a><\/li>\n<li class=\"product-category product\">\n\t<a aria-label=\"Visit product category Ersatzteile\" href=\"https:\/\/koprotec.shop\/?product_cat=ersatzteile\"><img loading=\"lazy\" decoding=\"async\" src=\"https:\/\/koprotec.shop\/wp-content\/uploads\/woocommerce-placeholder-300x300.png\" alt=\"Ersatzteile\" width=\"300\" height=\"300\" \/>\t\t<h2 class=\"woocommerce-loop-category__title\">\n\t\t\tErsatzteile <mark class=\"count\">(7)<\/mark>\t\t<\/h2>\n\t\t<\/a><\/li>\n<li class=\"product-category product\">\n\t<a aria-label=\"Visit product category Werkzeuge\" href=\"https:\/\/koprotec.shop\/?product_cat=werkzeuge\"><img loading=\"lazy\" decoding=\"async\" src=\"https:\/\/koprotec.shop\/wp-content\/uploads\/2022\/11\/20221111_134122-300x300.jpg\" alt=\"Werkzeuge\" width=\"300\" height=\"300\" srcset=\"https:\/\/koprotec.shop\/wp-content\/uploads\/2022\/11\/20221111_134122-300x300.jpg 300w, https:\/\/koprotec.shop\/wp-content\/uploads\/2022\/11\/20221111_134122-150x150.jpg 150w, https:\/\/koprotec.shop\/wp-content\/uploads\/2022\/11\/20221111_134122-100x100.jpg 100w\" sizes=\"(max-width: 300px) 100vw, 300px\" \/>\t\t<h2 class=\"woocommerce-loop-category__title\">\n\t\t\tWerkzeuge <mark class=\"count\">(243)<\/mark>\t\t<\/h2>\n\t\t<\/a><\/li>\n<li class=\"product-category product last\">\n\t<a aria-label=\"Visit product category Zubeh\u00f6r\" href=\"https:\/\/koprotec.shop\/?product_cat=zubehoer\"><img loading=\"lazy\" decoding=\"async\" src=\"https:\/\/koprotec.shop\/wp-content\/uploads\/woocommerce-placeholder-300x300.png\" alt=\"Zubeh\u00f6r\" width=\"300\" height=\"300\" \/>\t\t<h2 class=\"woocommerce-loop-category__title\">\n\t\t\tZubeh\u00f6r <mark class=\"count\">(1)<\/mark>\t\t<\/h2>\n\t\t<\/a><\/li>\n<\/ul>\n<\/div><\/pre>\n\n\n\n<p><\/p>\n\n\n\n<p class=\"has-text-color has-medium-font-size\" style=\"color:#031c32\"><strong>Sie sind auf der Suche nach einer Gebrauchtmaschine?<\/strong> Besuchen Sie unsere Website:<strong> <a href=\"https:\/\/www.koprotec.com\/\">koprotec &#8211; Kohler Profil- und Produktionstechnik<\/a>!<\/strong><\/p>\n\n\n\n<p class=\"has-text-color\" style=\"color:#031c32\"><\/p>\n\n\n\n<p class=\"has-vivid-red-color has-text-color\"> <\/p>\n","protected":false},"excerpt":{"rendered":"<p>Herzlich Willkommen im koprotec Onlineshop! Sie haben eine Profilbearbeitungsmaschine und sind auf der Suche nach Werkzeug, Betriebsmittel, Ersatz- oder Verschlei\u00dfteilen? Dann sind Sie bei uns genau richtig! Wir bieten Ihnen in unserem Onlineshop eine Auswahl von neuen, sowie \u00fcberpr\u00fcften gebrauchten Ersatz- und Zubeh\u00f6rteilen an. Unser Onlineshop befindet sich gerade im Aufbau. Sollten Sie ein Produkt [&hellip;]<\/p>\n","protected":false},"author":1,"featured_media":0,"parent":0,"menu_order":0,"comment_status":"closed","ping_status":"closed","template":"","meta":{"footnotes":""},"_links":{"self":[{"href":"https:\/\/koprotec.shop\/index.php?rest_route=\/wp\/v2\/pages\/4"}],"collection":[{"href":"https:\/\/koprotec.shop\/index.php?rest_route=\/wp\/v2\/pages"}],"about":[{"href":"https:\/\/koprotec.shop\/index.php?rest_route=\/wp\/v2\/types\/page"}],"author":[{"embeddable":true,"href":"https:\/\/koprotec.shop\/index.php?rest_route=\/wp\/v2\/users\/1"}],"replies":[{"embeddable":true,"href":"https:\/\/koprotec.shop\/index.php?rest_route=%2Fwp%2Fv2%2Fcomments&post=4"}],"version-history":[{"count":12,"href":"https:\/\/koprotec.shop\/index.php?rest_route=\/wp\/v2\/pages\/4\/revisions"}],"predecessor-version":[{"id":186,"href":"https:\/\/koprotec.shop\/index.php?rest_route=\/wp\/v2\/pages\/4\/revisions\/186"}],"wp:attachment":[{"href":"https:\/\/koprotec.shop\/index.php?rest_route=%2Fwp%2Fv2%2Fmedia&parent=4"}],"curies":[{"name":"wp","href":"https:\/\/api.w.org\/{rel}","templated":true}]}}