{"id":3,"date":"2022-11-10T13:13:53","date_gmt":"2022-11-10T13:13:53","guid":{"rendered":"https:\/\/koprotec.shop\/?page_id=3"},"modified":"2022-11-16T12:10:36","modified_gmt":"2022-11-16T12:10:36","slug":"privacy-policy","status":"publish","type":"page","link":"https:\/\/koprotec.shop\/?page_id=3","title":{"rendered":"Privacy Policy"},"content":{"rendered":"\n<h1 class=\"wp-block-heading\">Datenschutzerkl\u00e4rung<\/h1>\n\n\n\n<h2 class=\"wp-block-heading\">1) Information \u00fcber die Erhebung personenbezogener Daten und Kontaktdaten des Verantwortlichen<\/h2>\n\n\n\n<p><strong>1.1<\/strong>&nbsp;Wir freuen uns, dass Sie unsere Website besuchen und bedanken uns f\u00fcr Ihr Interesse. Im Folgenden informieren wir Sie \u00fcber den Umgang mit Ihren personenbezogenen Daten bei der Nutzung unserer Website. Personenbezogene Daten sind hierbei alle Daten, mit denen Sie pers\u00f6nlich identifiziert werden k\u00f6nnen.<\/p>\n\n\n\n<p><strong>1.2<\/strong>\u00a0Verantwortlicher f\u00fcr die Datenverarbeitung auf dieser Website im Sinne der Datenschutz-Grundverordnung (DSGVO) ist Vanessa Kohler, Kohler Profil- und Produktionstechnik, Maybachstr. 4, 75433 Maulbronn, Deutschland, Tel.: +4970433398927, E-Mail: mail@koprotec.com. Der f\u00fcr die Verarbeitung von personenbezogenen Daten Verantwortliche ist diejenige nat\u00fcrliche oder juristische Person, die allein oder gemeinsam mit anderen \u00fcber die Zwecke und Mittel der Verarbeitung von personenbezogenen Daten entscheidet.<\/p>\n\n\n\n<p><strong>1.3<\/strong>&nbsp;Diese Website nutzt aus Sicherheitsgr\u00fcnden und zum Schutz der \u00dcbertragung personenbezogener Daten und anderer vertraulicher Inhalte (z.B. Bestellungen oder Anfragen an den Verantwortlichen) eine SSL-bzw. TLS-Verschl\u00fcsselung. Sie k\u00f6nnen eine verschl\u00fcsselte Verbindung an der Zeichenfolge \u201ehttps:\/\/\u201c und dem Schloss-Symbol in Ihrer Browserzeile erkennen.<\/p>\n\n\n\n<h2 class=\"wp-block-heading\">2) Datenerfassung beim Besuch unserer Website<\/h2>\n\n\n\n<p>Bei der blo\u00df informatorischen Nutzung unserer Website, also wenn Sie sich nicht registrieren oder uns anderweitig Informationen \u00fcbermitteln, erheben wir nur solche Daten, die Ihr Browser an unseren Server \u00fcbermittelt (sog. \u201eServer-Logfiles\u201c). Wenn Sie unsere Website aufrufen, erheben wir die folgenden Daten, die f\u00fcr uns technisch erforderlich sind, um Ihnen die Website anzuzeigen:<\/p>\n\n\n\n<ul>\n<li>Unsere besuchte Website<\/li>\n\n\n\n<li>Datum und Uhrzeit zum Zeitpunkt des Zugriffes<\/li>\n\n\n\n<li>Menge der gesendeten Daten in Byte<\/li>\n\n\n\n<li>Quelle\/Verweis, von welchem Sie auf die Seite gelangten<\/li>\n\n\n\n<li>Verwendeter Browser<\/li>\n\n\n\n<li>Verwendetes Betriebssystem<\/li>\n\n\n\n<li>Verwendete IP-Adresse (ggf.: in anonymisierter Form)<\/li>\n<\/ul>\n\n\n\n<p>Die Verarbeitung erfolgt gem\u00e4\u00df Art. 6 Abs. 1 lit. f DSGVO auf Basis unseres berechtigten Interesses an der Verbesserung der Stabilit\u00e4t und Funktionalit\u00e4t unserer Website. Eine Weitergabe oder anderweitige Verwendung der Daten findet nicht statt. Wir behalten uns allerdings vor, die Server-Logfiles nachtr\u00e4glich zu \u00fcberpr\u00fcfen, sollten konkrete Anhaltspunkte auf eine rechtswidrige Nutzung hinweisen.<\/p>\n\n\n\n<h2 class=\"wp-block-heading\">3) Cookies<\/h2>\n\n\n\n<p>Um den Besuch unserer Website attraktiv zu gestalten und die Nutzung bestimmter Funktionen zu erm\u00f6glichen, verwenden wir Cookies, also kleine Textdateien, die auf Ihrem Endger\u00e4t abgelegt werden. Teilweise werden diese Cookies nach Schlie\u00dfen des Browsers automatisch wieder gel\u00f6scht (sog. \u201eSession-Cookies\u201c), teilweise verbleiben diese Cookies l\u00e4nger auf Ihrem Endger\u00e4t und erm\u00f6glichen das Speichern von Seiteneinstellungen (sog. \u201epersistente Cookies\u201c). Im letzteren Fall k\u00f6nnen Sie die Speicherdauer der \u00dcbersicht zu den Cookie-Einstellungen Ihres Webbrowsers entnehmen.<br>Sofern durch einzelne von uns eingesetzte Cookies auch personenbezogene Daten verarbeitet werden, erfolgt die Verarbeitung gem\u00e4\u00df Art. 6 Abs. 1 lit. b DSGVO entweder zur Durchf\u00fchrung des Vertrages, gem\u00e4\u00df Art. 6 Abs. 1 lit. a DSGVO im Falle einer erteilten Einwilligung oder gem\u00e4\u00df Art. 6 Abs. 1 lit. f DSGVO zur Wahrung unserer berechtigten Interessen an der bestm\u00f6glichen Funktionalit\u00e4t der Website sowie einer kundenfreundlichen und effektiven Ausgestaltung des Seitenbesuchs.<br>Sie k\u00f6nnen Ihren Browser so einstellen, dass Sie \u00fcber das Setzen von Cookies informiert werden und einzeln \u00fcber deren Annahme entscheiden oder die Annahme von Cookies f\u00fcr bestimmte F\u00e4lle oder generell ausschlie\u00dfen k\u00f6nnen.<br>Bitte beachten Sie, dass bei Nichtannahme von Cookies die Funktionalit\u00e4t unserer Website eingeschr\u00e4nkt sein kann.<\/p>\n\n\n\n<h2 class=\"wp-block-heading\">4) Kontaktaufnahme<\/h2>\n\n\n\n<p>Im Rahmen der Kontaktaufnahme mit uns (z.B. per Kontaktformular oder E-Mail) werden \u2013 ausschlie\u00dflich zum Zweck der Bearbeitung und Beantwortung Ihres Anliegens und nur im daf\u00fcr erforderlichen Umfang \u2013 personenbezogene Daten verarbeitet. Rechtsgrundlage f\u00fcr die Verarbeitung dieser Daten ist unser berechtigtes Interesse an der Beantwortung Ihres Anliegens gem\u00e4\u00df Art. 6 Abs. 1 lit. f DSGVO. Zielt Ihre Kontaktierung auf einen Vertrag ab, so ist zus\u00e4tzliche Rechtsgrundlage f\u00fcr die Verarbeitung Art. 6 Abs. 1 lit. b DSGVO. Ihre Daten werden gel\u00f6scht, wenn sich aus den Umst\u00e4nden entnehmen l\u00e4sst, dass der betroffene Sachverhalt abschlie\u00dfend gekl\u00e4rt ist und sofern keine gesetzlichen Aufbewahrungspflichten entgegenstehen.<\/p>\n\n\n\n<h2 class=\"wp-block-heading\">5) Datenverarbeitung bei Er\u00f6ffnung eines Kundenkontos<\/h2>\n\n\n\n<p>Gem\u00e4\u00df Art. 6 Abs. 1 lit. b DSGVO werden personenbezogene Daten im jeweils erforderlichen Umfang weiterhin erhoben und verarbeitet, wenn Sie uns diese bei der Er\u00f6ffnung eines Kundenkontos mitteilen. Welche Daten f\u00fcr die Kontoer\u00f6ffnung erforderlich sind, entnehmen Sie der Eingabemaske des entsprechenden Formulars auf unserer Website. Eine L\u00f6schung Ihres Kundenkontos ist jederzeit m\u00f6glich und kann durch eine Nachricht an die o.g. Adresse des Verantwortlichen erfolgen. Nach L\u00f6schung Ihres Kundenkontos werden Ihre Daten gel\u00f6scht, sofern alle dar\u00fcber geschlossenen Vertr\u00e4ge vollst\u00e4ndig abgewickelt sind, keine gesetzlichen Aufbewahrungsfristen entgegenstehen und unsererseits kein berechtigtes Interesse an der Weiterspeicherung fortbesteht.<\/p>\n\n\n\n<h2 class=\"wp-block-heading\">6) Nutzung von Kundendaten zur Direktwerbung<\/h2>\n\n\n\n<p><strong>6.1<\/strong>&nbsp;Anmeldung zu unserem E-Mail-Newsletter<\/p>\n\n\n\n<p>Wenn Sie sich zu unserem E-Mail Newsletter anmelden, \u00fcbersenden wir Ihnen regelm\u00e4\u00dfig Informationen zu unseren Angeboten. Pflichtangabe f\u00fcr die \u00dcbersendung des Newsletters ist allein Ihre E-Mailadresse. Die Angabe weiterer Daten ist freiwillig und wird verwendet, um Sie pers\u00f6nlich ansprechen zu k\u00f6nnen. F\u00fcr den Newsletter-Versand verwenden wir das sog. Double Opt-in Verfahren, mit dem sichergestellt wird, dass Sie Newsletter erst erhalten, wenn Sie uns durch Bet\u00e4tigung eines an die angegebene Mailadresse versandten Verifizierungslinks ausdr\u00fccklich Ihre Einwilligung in den Newsletterempfang best\u00e4tigt haben<\/p>\n\n\n\n<p>Mit der Aktivierung des Best\u00e4tigungslinks erteilen Sie uns Ihre Einwilligung f\u00fcr die Nutzung Ihrer personenbezogenen Daten gem\u00e4\u00df Art. 6 Abs. 1 lit. a DSGVO. Hierbei speichern wir Ihre vom Internet Service-Provider (ISP) eingetragene IP-Adresse sowie das Datum und die Uhrzeit der Anmeldung, um einen m\u00f6glichen Missbrauch Ihrer E-Mail- Adresse zu einem sp\u00e4teren Zeitpunkt nachvollziehen zu k\u00f6nnen. Die von uns bei der Anmeldung zum Newsletter erhobenen Daten werden streng zweckgebunden verwendet. Sie k\u00f6nnen den Newsletter jederzeit \u00fcber den daf\u00fcr vorgesehenen Link im Newsletter oder durch entsprechende Nachricht an den eingangs genannten Verantwortlichen abbestellen. Nach erfolgter Abmeldung wird Ihre E-Mailadresse unverz\u00fcglich in unserem Newsletter-Verteiler gel\u00f6scht, soweit Sie nicht ausdr\u00fccklich in eine weitere Nutzung Ihrer Daten eingewilligt haben oder wir uns eine dar\u00fcberhinausgehende Datenverwendung vorbehalten, die gesetzlich erlaubt ist und \u00fcber die wir Sie in dieser Erkl\u00e4rung informieren.<\/p>\n\n\n\n<p><strong>6.2<\/strong>&nbsp;Versand des E-Mail-Newsletters an Bestandskunden<\/p>\n\n\n\n<p>Wenn Sie uns Ihre E-Mailadresse beim Kauf von Waren bzw. Dienstleistungen zur Verf\u00fcgung gestellt haben, behalten wir uns vor, Ihnen regelm\u00e4\u00dfig Angebote zu \u00e4hnlichen Waren bzw. Dienstleistungen, wie den bereits gekauften, aus unserem Sortiment per E-Mail zuzusenden. Hierf\u00fcr m\u00fcssen wir gem\u00e4\u00df \u00a7 7 Abs. 3 UWG keine gesonderte Einwilligung von Ihnen einholen. Die Datenverarbeitung erfolgt insoweit allein auf Basis unseres berechtigten Interesses an personalisierter Direktwerbung gem\u00e4\u00df Art. 6 Abs. 1 lit. f DSGVO. Haben Sie der Nutzung Ihrer E-Mailadresse zu diesem Zweck anf\u00e4nglich widersprochen, findet ein Mailversand unsererseits nicht statt. Sie sind berechtigt, der Nutzung Ihrer E-Mailadresse zu dem vorbezeichneten Werbezweck jederzeit mit Wirkung f\u00fcr die Zukunft durch eine Mitteilung an den zu Beginn genannten Verantwortlichen zu widersprechen. Hierf\u00fcr fallen f\u00fcr Sie lediglich \u00dcbermittlungskosten nach den Basistarifen an. Nach Eingang Ihres Widerspruchs wird die Nutzung Ihrer E-Mailadresse zu Werbezwecken unverz\u00fcglich eingestellt.<\/p>\n\n\n\n<h2 class=\"wp-block-heading\">7) Datenverarbeitung zur Bestellabwicklung<\/h2>\n\n\n\n<p><strong>7.1<\/strong>&nbsp;&#8211; \u00dcbermittlung von Bilddateien zur Bestellabwicklung per Upload-Funktion<br>Auf unserer Website bieten wir Kunden die M\u00f6glichkeit, durch die \u00dcbermittlung von Bilddateien \u00fcber eine Upload-Funktion die Personalisierung von Produkten zu beauftragen. Dabei wird das eingereichte Bildmotiv als Vorlage f\u00fcr die Personalisierung des gew\u00e4hlten Produktes verwendet.<br>\u00dcber das Upload-Formular auf der Website kann der Kunde eine oder mehrere Bilddateien aus dem Speicher des verwendeten Endger\u00e4tes unmittelbar per automatisierter, verschl\u00fcsselter Daten\u00fcbertragung an uns \u00fcbermitteln. Wir erfassen, speichern und verwenden die \u00fcbermittelten Dateien daraufhin ausschlie\u00dflich zur Anfertigung des personalisierten Produktes im Sinne der jeweiligen Leistungsbeschreibung auf unserer Website. Sofern die \u00fcbermittelten Bilddateien zur Anfertigung und Abwicklung der Bestellung an spezielle Dienstleister weitergegeben werden, werden Sie hier\u00fcber in den folgenden Abs\u00e4tzen explizit informiert. Eine dar\u00fcberhinausgehende Weitergabe erfolgt nicht. Sofern die \u00fcbermittelten Dateien bzw. die digitalen Motive personenbezogene Daten (insbesondere Abbildungen von identifizierbaren Personen) enthalten, erfolgen s\u00e4mtliche soeben benannten Verarbeitungsvorg\u00e4nge ausschlie\u00dflich zum Zwecke der Abwicklung Ihrer Online-Bestellung gem\u00e4\u00df Art. 6 Abs. 1 lit. b DSGVO. Nach abschlie\u00dfender Abwicklung der Bestellung werden die \u00fcbermittelten Bilddateien automatisch und vollst\u00e4ndig gel\u00f6scht.<br>&#8211; \u00dcbermittlung von Bilddateien zur Bestellabwicklung per E-Mail<br>Auf unserer Website bieten wir Kunden die M\u00f6glichkeit, durch die \u00dcbermittlung von Bilddateien per E-Mail die Personalisierung von Produkten zu beauftragen. Dabei wird das eingereichte Bildmotiv als Vorlage f\u00fcr die Personalisierung des gew\u00e4hlten Produktes verwendet.<br>\u00dcber die auf der Website mitgeteilte Mailadresse kann der Kunde eine oder mehrere Bilddateien aus dem Speicher des verwendeten Endger\u00e4tes an uns \u00fcbermitteln. Wir erfassen, speichern und verwenden die so \u00fcbermittelten Dateien daraufhin ausschlie\u00dflich zur Anfertigung des personalisierten Produktes im Sinne der jeweiligen Leistungsbeschreibung auf unserer Website. Sofern die \u00fcbermittelten Bilddateien zur Anfertigung und Abwicklung der Bestellung an spezielle Dienstleister weitergegeben werden, werden Sie hier\u00fcber in den folgenden Abs\u00e4tzen explizit informiert. Eine dar\u00fcberhinausgehende Weitergabe erfolgt nicht. Sofern die \u00fcbermittelten Dateien bzw. die digitalen Motive personenbezogene Daten (insbesondere Abbildungen von identifizierbaren Personen) enthalten, erfolgen s\u00e4mtliche soeben benannten Verarbeitungsvorg\u00e4nge ausschlie\u00dflich zum Zwecke der Abwicklung Ihrer Online-Bestellung gem\u00e4\u00df Art. 6 Abs. 1 lit. b DSGVO. Nach abschlie\u00dfender Abwicklung der Bestellung werden die \u00fcbermittelten Bilddateien automatisch und vollst\u00e4ndig gel\u00f6scht.<\/p>\n\n\n\n<p><strong>7.2<\/strong>&nbsp;Soweit f\u00fcr die Vertragsabwicklung zu Liefer- und Zahlungszwecken erforderlich, werden die von uns erhobenen personenbezogenen Daten gem\u00e4\u00df Art. 6 Abs. 1 lit. b DSGVO an das beauftragte Transportunternehmen und das beauftragte Kreditinstitut weitergegeben.<\/p>\n\n\n\n<p>Sofern wir Ihnen auf Grundlage eines entsprechenden Vertrages Aktualisierungen f\u00fcr Waren mit digitalen Elementen oder f\u00fcr digitale Produkte schulden, verarbeiten wir die von Ihnen bei der Bestellung \u00fcbermittelten Kontaktdaten (Name, Anschrift, Mailadresse), um Sie im Rahmen unserer gesetzlichen Informationspflichten gem\u00e4\u00df Art. 6 Abs. 1 lit. c DSGVO auf geeignetem Kommunikationsweg (etwa postalisch oder per Mail) \u00fcber anstehende Aktualisierungen im gesetzlich vorgesehenen Zeitraum pers\u00f6nlich zu informieren. Ihre Kontaktdaten werden hierbei streng zweckgebunden f\u00fcr Mitteilungen \u00fcber von uns geschuldete Aktualisierungen verwendet und zu diesem Zweck durch uns nur insoweit verarbeitet, wie dies f\u00fcr die jeweilige Information erforderlich ist.<\/p>\n\n\n\n<p>Zur Abwicklung Ihrer Bestellung arbeiten wir ferner mit dem \/ den nachstehenden Dienstleister(n) zusammen, die uns ganz oder teilweise bei der Durchf\u00fchrung geschlossener Vertr\u00e4ge unterst\u00fctzen. An diese Dienstleister werden nach Ma\u00dfgabe der folgenden Informationen gewisse personenbezogene Daten \u00fcbermittelt.<\/p>\n\n\n\n<p><strong>7.3<\/strong>&nbsp;Zur Erf\u00fcllung unserer vertraglichen Pflichten unseren Kunden gegen\u00fcber arbeiten wir mit externen Versandpartnern zusammen. Wir geben Ihren Namen sowie Ihre Lieferadresse und, soweit f\u00fcr die Lieferung erforderlich Ihre Telefonnummer, ausschlie\u00dflich zu Zwecken der Warenlieferung Art. 6 Abs. 1 lit. b DSGVO an einen von uns ausgew\u00e4hlten Versandpartner weiter.<\/p>\n\n\n\n<h2 class=\"wp-block-heading\">8) Rechte des Betroffenen<\/h2>\n\n\n\n<p><strong>8.1<\/strong>&nbsp;Das geltende Datenschutzrecht gew\u00e4hrt Ihnen gegen\u00fcber dem Verantwortlichen hinsichtlich der Verarbeitung Ihrer personenbezogenen Daten die nachstehenden Betroffenenrechte (Auskunfts- und Interventionsrechte), wobei f\u00fcr die jeweiligen Aus\u00fcbungsvoraussetzungen auf die angef\u00fchrte Rechtsgrundlage verwiesen wird:<\/p>\n\n\n\n<ul>\n<li>Auskunftsrecht gem\u00e4\u00df Art. 15 DSGVO;<\/li>\n\n\n\n<li>Recht auf Berichtigung gem\u00e4\u00df Art. 16 DSGVO;<\/li>\n\n\n\n<li>Recht auf L\u00f6schung gem\u00e4\u00df Art. 17 DSGVO;<\/li>\n\n\n\n<li>Recht auf Einschr\u00e4nkung der Verarbeitung gem\u00e4\u00df Art. 18 DSGVO;<\/li>\n\n\n\n<li>Recht auf Unterrichtung gem\u00e4\u00df Art. 19 DSGVO;<\/li>\n\n\n\n<li>Recht auf Daten\u00fcbertragbarkeit gem\u00e4\u00df Art. 20 DSGVO;<\/li>\n\n\n\n<li>Recht auf Widerruf erteilter Einwilligungen gem\u00e4\u00df Art. 7 Abs. 3 DSGVO;<\/li>\n\n\n\n<li>Recht auf Beschwerde gem\u00e4\u00df Art. 77 DSGVO.<\/li>\n<\/ul>\n\n\n\n<p><strong>8.2<\/strong>&nbsp;WIDERSPRUCHSRECHT<\/p>\n\n\n\n<p>WENN WIR IM RAHMEN EINER INTERESSENABW\u00c4GUNG IHRE PERSONENBEZOGENEN DATEN AUFGRUND UNSERES \u00dcBERWIEGENDEN BERECHTIGTEN INTERESSES VERARBEITEN, HABEN SIE DAS JEDERZEITIGE RECHT, AUS GR\u00dcNDEN, DIE SICH AUS IHRER BESONDEREN SITUATION ERGEBEN, GEGEN DIESE VERARBEITUNG WIDERSPRUCH MIT WIRKUNG F\u00dcR DIE ZUKUNFT EINZULEGEN.<br>MACHEN SIE VON IHREM WIDERSPRUCHSRECHT GEBRAUCH, BEENDEN WIR DIE VERARBEITUNG DER BETROFFENEN DATEN. EINE WEITERVERARBEITUNG BLEIBT ABER VORBEHALTEN, WENN WIR ZWINGENDE SCHUTZW\u00dcRDIGE GR\u00dcNDE F\u00dcR DIE VERARBEITUNG NACHWEISEN K\u00d6NNEN, DIE IHRE INTERESSEN, GRUNDRECHTE UND GRUNDFREIHEITEN \u00dcBERWIEGEN, ODER WENN DIE VERARBEITUNG DER GELTENDMACHUNG, AUS\u00dcBUNG ODER VERTEIDIGUNG VON RECHTSANSPR\u00dcCHEN DIENT.<\/p>\n\n\n\n<p>WERDEN IHRE PERSONENBEZOGENEN DATEN VON UNS VERARBEITET, UM DIREKTWERBUNG ZU BETREIBEN, HABEN SIE DAS RECHT, JEDERZEIT WIDERSPRUCH GEGEN DIE VERARBEITUNG SIE BETREFFENDER PERSONENBEZOGENER DATEN ZUM ZWECKE DERARTIGER WERBUNG EINZULEGEN. SIE K\u00d6NNEN DEN WIDERSPRUCH WIE OBEN BESCHRIEBEN AUS\u00dcBEN.<\/p>\n\n\n\n<p>MACHEN SIE VON IHREM WIDERSPRUCHSRECHT GEBRAUCH, BEENDEN WIR DIE VERARBEITUNG DER BETROFFENEN DATEN ZU DIREKTWERBEZWECKEN.<\/p>\n\n\n\n<h2 class=\"wp-block-heading\">9) Dauer der Speicherung personenbezogener Daten<\/h2>\n\n\n\n<p>Die Dauer der Speicherung von personenbezogenen Daten bemisst sich anhand der jeweiligen Rechtsgrundlage, am Verarbeitungszweck und \u2013 sofern einschl\u00e4gig \u2013 zus\u00e4tzlich anhand der jeweiligen gesetzlichen Aufbewahrungsfrist (z.B. handels- und steuerrechtliche Aufbewahrungsfristen).<\/p>\n\n\n\n<p>Bei der Verarbeitung von personenbezogenen Daten auf Grundlage einer ausdr\u00fccklichen Einwilligung gem\u00e4\u00df Art. 6 Abs. 1 lit. a DSGVO werden diese Daten so lange gespeichert, bis der Betroffene seine Einwilligung widerruft.<\/p>\n\n\n\n<p>Existieren gesetzliche Aufbewahrungsfristen f\u00fcr Daten, die im Rahmen rechtsgesch\u00e4ftlicher bzw. rechtsgesch\u00e4fts\u00e4hnlicher Verpflichtungen auf der Grundlage von Art. 6 Abs. 1 lit. b DSGVO verarbeitet werden, werden diese Daten nach Ablauf der Aufbewahrungsfristen routinem\u00e4\u00dfig gel\u00f6scht, sofern sie nicht mehr zur Vertragserf\u00fcllung oder Vertragsanbahnung erforderlich sind und\/oder unsererseits kein berechtigtes Interesse an der Weiterspeicherung fortbesteht.<\/p>\n\n\n\n<p>Bei der Verarbeitung von personenbezogenen Daten auf Grundlage von Art. 6 Abs. 1 lit. f DSGVO werden diese Daten so lange gespeichert, bis der Betroffene sein Widerspruchsrecht nach Art. 21 Abs. 1 DSGVO aus\u00fcbt, es sei denn, wir k\u00f6nnen zwingende schutzw\u00fcrdige Gr\u00fcnde f\u00fcr die Verarbeitung nachweisen, die die Interessen, Rechte und Freiheiten der betroffenen Person \u00fcberwiegen, oder die Verarbeitung dient der Geltendmachung, Aus\u00fcbung oder Verteidigung von Rechtsanspr\u00fcchen.<\/p>\n\n\n\n<p>Bei der Verarbeitung von personenbezogenen Daten zum Zwecke der Direktwerbung auf Grundlage von Art. 6 Abs. 1 lit. f DSGVO werden diese Daten so lange gespeichert, bis der Betroffene sein Widerspruchsrecht nach Art. 21 Abs. 2 DSGVO aus\u00fcbt.<\/p>\n\n\n\n<p>Sofern sich aus den sonstigen Informationen dieser Erkl\u00e4rung \u00fcber spezifische Verarbeitungssituationen nichts anderes ergibt, werden gespeicherte personenbezogene Daten im \u00dcbrigen dann gel\u00f6scht, wenn sie f\u00fcr die Zwecke, f\u00fcr die sie erhoben oder auf sonstige Weise verarbeitet wurden, nicht mehr notwendig sind.<\/p>\n","protected":false},"excerpt":{"rendered":"<p>Datenschutzerkl\u00e4rung 1) Information \u00fcber die Erhebung personenbezogener Daten und Kontaktdaten des Verantwortlichen 1.1&nbsp;Wir freuen uns, dass Sie unsere Website besuchen und bedanken uns f\u00fcr Ihr Interesse. Im Folgenden informieren wir Sie \u00fcber den Umgang mit Ihren personenbezogenen Daten bei der Nutzung unserer Website. Personenbezogene Daten sind hierbei alle Daten, mit denen Sie pers\u00f6nlich identifiziert werden [&hellip;]<\/p>\n","protected":false},"author":1,"featured_media":0,"parent":0,"menu_order":0,"comment_status":"closed","ping_status":"open","template":"","meta":{"footnotes":""},"_links":{"self":[{"href":"https:\/\/koprotec.shop\/index.php?rest_route=\/wp\/v2\/pages\/3"}],"collection":[{"href":"https:\/\/koprotec.shop\/index.php?rest_route=\/wp\/v2\/pages"}],"about":[{"href":"https:\/\/koprotec.shop\/index.php?rest_route=\/wp\/v2\/types\/page"}],"author":[{"embeddable":true,"href":"https:\/\/koprotec.shop\/index.php?rest_route=\/wp\/v2\/users\/1"}],"replies":[{"embeddable":true,"href":"https:\/\/koprotec.shop\/index.php?rest_route=%2Fwp%2Fv2%2Fcomments&post=3"}],"version-history":[{"count":1,"href":"https:\/\/koprotec.shop\/index.php?rest_route=\/wp\/v2\/pages\/3\/revisions"}],"predecessor-version":[{"id":175,"href":"https:\/\/koprotec.shop\/index.php?rest_route=\/wp\/v2\/pages\/3\/revisions\/175"}],"wp:attachment":[{"href":"https:\/\/koprotec.shop\/index.php?rest_route=%2Fwp%2Fv2%2Fmedia&parent=3"}],"curies":[{"name":"wp","href":"https:\/\/api.w.org\/{rel}","templated":true}]}}